{"id":10119,"date":"2021-09-20T08:35:05","date_gmt":"2021-09-20T11:35:05","guid":{"rendered":"http:\/\/new.vlibro.cl\/?page_id=10119"},"modified":"2021-11-17T12:34:40","modified_gmt":"2021-11-17T15:34:40","slug":"nuestros-clientes","status":"publish","type":"page","link":"https:\/\/dtichile.cl\/?page_id=10119","title":{"rendered":"Nuestros clientes"},"content":{"rendered":"\n<p><\/p>\n\n\n\n<figure class=\"wp-block-gallery columns-1 is-cropped wp-block-gallery-1 is-layout-flex wp-block-gallery-is-layout-flex\"><ul class=\"blocks-gallery-grid\"><li class=\"blocks-gallery-item\"><figure><img loading=\"lazy\" decoding=\"async\" width=\"899\" height=\"480\" src=\"https:\/\/dtichile.cl\/wp-content\/uploads\/2021\/10\/clientesjpg.jpg\" alt=\"\" data-id=\"10613\" data-full-url=\"https:\/\/dtichile.cl\/wp-content\/uploads\/2021\/10\/clientesjpg.jpg\" data-link=\"https:\/\/dtichile.cl\/?attachment_id=10613\" class=\"wp-image-10613\" srcset=\"https:\/\/dtichile.cl\/wp-content\/uploads\/2021\/10\/clientesjpg.jpg 899w, https:\/\/dtichile.cl\/wp-content\/uploads\/2021\/10\/clientesjpg-300x160.jpg 300w, https:\/\/dtichile.cl\/wp-content\/uploads\/2021\/10\/clientesjpg-768x410.jpg 768w\" sizes=\"auto, (max-width: 899px) 100vw, 899px\" \/><\/figure><\/li><\/ul><\/figure>\n\n\n\n<p>Atendemos a empresas de miner\u00eda e instituciones de educaci\u00f3n, brindando soluciones tecnol\u00f3gicas personalizadas seg\u00fan sus necesidades.<\/p>\n\n\n\n<p>Entre quienes han confiado en nosotros tenemos a:<\/p>\n\n\n\n<div class=\"wp-block-group\"><div class=\"wp-block-group__inner-container is-layout-flow wp-block-group-is-layout-flow\">\n<div class=\"wp-block-columns is-layout-flex wp-container-core-columns-is-layout-9d6595d7 wp-block-columns-is-layout-flex\">\n<div class=\"wp-block-column is-layout-flow wp-block-column-is-layout-flow\" style=\"flex-basis:100%\">\n<div class=\"wp-block-columns are-vertically-aligned-center is-layout-flex wp-container-core-columns-is-layout-9d6595d7 wp-block-columns-is-layout-flex\">\n<div class=\"wp-block-column is-vertically-aligned-center is-layout-flow wp-block-column-is-layout-flow\">\n<figure class=\"wp-block-image size-full\"><img loading=\"lazy\" decoding=\"async\" width=\"179\" height=\"50\" src=\"https:\/\/dtichile.cl\/wp-content\/uploads\/2021\/10\/advertisers-6-gray_0000_udla-2.jpg\" alt=\"\" class=\"wp-image-10615\"\/><\/figure>\n<\/div>\n\n\n\n<div class=\"wp-block-column is-vertically-aligned-center is-layout-flow wp-block-column-is-layout-flow\">\n<div class=\"wp-block-image\"><figure class=\"aligncenter size-full\"><img loading=\"lazy\" decoding=\"async\" width=\"62\" height=\"50\" src=\"https:\/\/dtichile.cl\/wp-content\/uploads\/2021\/09\/guia_de_uso_basica_aiep_2020-550-2.jpg\" alt=\"\" class=\"wp-image-10095\"\/><\/figure><\/div>\n<\/div>\n\n\n\n<div class=\"wp-block-column is-vertically-aligned-center is-layout-flow wp-block-column-is-layout-flow\">\n<figure class=\"wp-block-gallery columns-1 is-cropped wp-block-gallery-2 is-layout-flex wp-block-gallery-is-layout-flex\"><ul class=\"blocks-gallery-grid\"><li class=\"blocks-gallery-item\"><figure><img loading=\"lazy\" decoding=\"async\" width=\"216\" height=\"60\" src=\"https:\/\/dtichile.cl\/wp-content\/uploads\/2021\/09\/logo-CFT-PUCV-con-catolica50.png\" alt=\"\" data-id=\"10096\" data-full-url=\"https:\/\/dtichile.cl\/wp-content\/uploads\/2021\/09\/logo-CFT-PUCV-con-catolica50.png\" data-link=\"https:\/\/dtichile.cl\/?attachment_id=10096\" class=\"wp-image-10096\"\/><\/figure><\/li><\/ul><\/figure>\n<\/div>\n\n\n\n<div class=\"wp-block-column is-vertically-aligned-center is-layout-flow wp-block-column-is-layout-flow\">\n<figure class=\"wp-block-gallery columns-1 is-cropped wp-block-gallery-3 is-layout-flex wp-block-gallery-is-layout-flex\"><ul class=\"blocks-gallery-grid\"><li class=\"blocks-gallery-item\"><figure><img loading=\"lazy\" decoding=\"async\" width=\"187\" height=\"50\" src=\"https:\/\/dtichile.cl\/wp-content\/uploads\/2021\/09\/logo-portada-2.png\" alt=\"\" data-id=\"10022\" data-full-url=\"https:\/\/dtichile.cl\/wp-content\/uploads\/2021\/09\/logo-portada-2.png\" data-link=\"https:\/\/dtichile.cl\/?attachment_id=10022\" class=\"wp-image-10022\"\/><\/figure><\/li><\/ul><\/figure>\n<\/div>\n\n\n\n<div class=\"wp-block-column is-vertically-aligned-center is-layout-flow wp-block-column-is-layout-flow\">\n<figure class=\"wp-block-gallery columns-1 is-cropped wp-block-gallery-4 is-layout-flex wp-block-gallery-is-layout-flex\"><ul class=\"blocks-gallery-grid\"><li class=\"blocks-gallery-item\"><figure><img loading=\"lazy\" decoding=\"async\" width=\"301\" height=\"167\" src=\"https:\/\/dtichile.cl\/wp-content\/uploads\/2021\/09\/antofagasta-minerals-logo.png\" alt=\"\" data-id=\"10100\" data-full-url=\"https:\/\/dtichile.cl\/wp-content\/uploads\/2021\/09\/antofagasta-minerals-logo.png\" data-link=\"https:\/\/dtichile.cl\/?attachment_id=10100\" class=\"wp-image-10100\" srcset=\"https:\/\/dtichile.cl\/wp-content\/uploads\/2021\/09\/antofagasta-minerals-logo.png 301w, https:\/\/dtichile.cl\/wp-content\/uploads\/2021\/09\/antofagasta-minerals-logo-235x130.png 235w\" sizes=\"auto, (max-width: 301px) 100vw, 301px\" \/><\/figure><\/li><\/ul><\/figure>\n<\/div>\n<\/div>\n<\/div>\n<\/div>\n<\/div><\/div>\n\n\n\n<p><\/p>\n","protected":false},"excerpt":{"rendered":"<p>Atendemos a empresas de miner\u00eda e instituciones de educaci\u00f3n, brindando soluciones tecnol\u00f3gicas personalizadas seg\u00fan sus necesidades. Entre quienes han confiado en nosotros tenemos a:<\/p>\n","protected":false},"author":2,"featured_media":0,"parent":0,"menu_order":0,"comment_status":"open","ping_status":"open","template":"template-sidebar.php","meta":{"footnotes":""},"class_list":["post-10119","page","type-page","status-publish","hentry"],"yoast_head":"<!-- This site is optimized with the Yoast SEO plugin v17.6 - https:\/\/yoast.com\/wordpress\/plugins\/seo\/ -->\n<title>Nuestros clientes - DTIC Sistemas SPA<\/title>\n<meta name=\"description\" content=\"Atendemos a empresas de miner\u00eda e instituciones de educaci\u00f3n, brindando soluciones tecnol\u00f3gicas personalizadas seg\u00fan sus necesidades.\" \/>\n<meta name=\"robots\" content=\"index, follow, max-snippet:-1, max-image-preview:large, max-video-preview:-1\" \/>\n<link rel=\"canonical\" href=\"https:\/\/dtichile.cl\/?page_id=10119\" \/>\n<meta property=\"og:locale\" content=\"es_ES\" \/>\n<meta property=\"og:type\" content=\"article\" \/>\n<meta property=\"og:title\" content=\"Nuestros clientes - DTIC Sistemas SPA\" \/>\n<meta property=\"og:description\" content=\"Atendemos a empresas de miner\u00eda e instituciones de educaci\u00f3n, brindando soluciones tecnol\u00f3gicas personalizadas seg\u00fan sus necesidades.\" \/>\n<meta property=\"og:url\" content=\"https:\/\/dtichile.cl\/?page_id=10119\" \/>\n<meta property=\"og:site_name\" content=\"DTIC Sistemas SPA\" \/>\n<meta property=\"article:modified_time\" content=\"2021-11-17T15:34:40+00:00\" \/>\n<meta property=\"og:image\" content=\"https:\/\/dtichile.cl\/wp-content\/uploads\/2021\/10\/clientesjpg.jpg\" \/>\n<meta name=\"twitter:card\" content=\"summary_large_image\" \/>\n<meta name=\"twitter:label1\" content=\"Est. reading time\" \/>\n\t<meta name=\"twitter:data1\" content=\"2 minutos\" \/>\n<script type=\"application\/ld+json\" class=\"yoast-schema-graph\">{\"@context\":\"https:\/\/schema.org\",\"@graph\":[{\"@type\":\"WebSite\",\"@id\":\"https:\/\/dtichile.cl\/#website\",\"url\":\"https:\/\/dtichile.cl\/\",\"name\":\"DTIC Sistemas SPA\",\"description\":\"DTIC Sistemas SPA\",\"potentialAction\":[{\"@type\":\"SearchAction\",\"target\":{\"@type\":\"EntryPoint\",\"urlTemplate\":\"https:\/\/dtichile.cl\/?s={search_term_string}\"},\"query-input\":\"required name=search_term_string\"}],\"inLanguage\":\"es-CL\"},{\"@type\":\"ImageObject\",\"@id\":\"https:\/\/dtichile.cl\/?page_id=10119#primaryimage\",\"inLanguage\":\"es-CL\",\"url\":\"https:\/\/dtichile.cl\/wp-content\/uploads\/2021\/10\/clientesjpg.jpg\",\"contentUrl\":\"https:\/\/dtichile.cl\/wp-content\/uploads\/2021\/10\/clientesjpg.jpg\",\"width\":899,\"height\":480},{\"@type\":\"WebPage\",\"@id\":\"https:\/\/dtichile.cl\/?page_id=10119#webpage\",\"url\":\"https:\/\/dtichile.cl\/?page_id=10119\",\"name\":\"Nuestros clientes - DTIC Sistemas SPA\",\"isPartOf\":{\"@id\":\"https:\/\/dtichile.cl\/#website\"},\"primaryImageOfPage\":{\"@id\":\"https:\/\/dtichile.cl\/?page_id=10119#primaryimage\"},\"datePublished\":\"2021-09-20T11:35:05+00:00\",\"dateModified\":\"2021-11-17T15:34:40+00:00\",\"description\":\"Atendemos a empresas de miner\\u00eda e instituciones de educaci\\u00f3n, brindando soluciones tecnol\\u00f3gicas personalizadas seg\\u00fan sus necesidades.\",\"breadcrumb\":{\"@id\":\"https:\/\/dtichile.cl\/?page_id=10119#breadcrumb\"},\"inLanguage\":\"es-CL\",\"potentialAction\":[{\"@type\":\"ReadAction\",\"target\":[\"https:\/\/dtichile.cl\/?page_id=10119\"]}]},{\"@type\":\"BreadcrumbList\",\"@id\":\"https:\/\/dtichile.cl\/?page_id=10119#breadcrumb\",\"itemListElement\":[{\"@type\":\"ListItem\",\"position\":1,\"name\":\"Portada\",\"item\":\"https:\/\/dtichile.cl\/\"},{\"@type\":\"ListItem\",\"position\":2,\"name\":\"Nuestros clientes\"}]}]}<\/script>\n<!-- \/ Yoast SEO plugin. -->","yoast_head_json":{"title":"Nuestros clientes - DTIC Sistemas SPA","description":"Atendemos a empresas de miner\u00eda e instituciones de educaci\u00f3n, brindando soluciones tecnol\u00f3gicas personalizadas seg\u00fan sus necesidades.","robots":{"index":"index","follow":"follow","max-snippet":"max-snippet:-1","max-image-preview":"max-image-preview:large","max-video-preview":"max-video-preview:-1"},"canonical":"https:\/\/dtichile.cl\/?page_id=10119","og_locale":"es_ES","og_type":"article","og_title":"Nuestros clientes - DTIC Sistemas SPA","og_description":"Atendemos a empresas de miner\u00eda e instituciones de educaci\u00f3n, brindando soluciones tecnol\u00f3gicas personalizadas seg\u00fan sus necesidades.","og_url":"https:\/\/dtichile.cl\/?page_id=10119","og_site_name":"DTIC Sistemas SPA","article_modified_time":"2021-11-17T15:34:40+00:00","og_image":[{"url":"https:\/\/dtichile.cl\/wp-content\/uploads\/2021\/10\/clientesjpg.jpg"}],"twitter_card":"summary_large_image","twitter_misc":{"Est. reading time":"2 minutos"},"schema":{"@context":"https:\/\/schema.org","@graph":[{"@type":"WebSite","@id":"https:\/\/dtichile.cl\/#website","url":"https:\/\/dtichile.cl\/","name":"DTIC Sistemas SPA","description":"DTIC Sistemas SPA","potentialAction":[{"@type":"SearchAction","target":{"@type":"EntryPoint","urlTemplate":"https:\/\/dtichile.cl\/?s={search_term_string}"},"query-input":"required name=search_term_string"}],"inLanguage":"es-CL"},{"@type":"ImageObject","@id":"https:\/\/dtichile.cl\/?page_id=10119#primaryimage","inLanguage":"es-CL","url":"https:\/\/dtichile.cl\/wp-content\/uploads\/2021\/10\/clientesjpg.jpg","contentUrl":"https:\/\/dtichile.cl\/wp-content\/uploads\/2021\/10\/clientesjpg.jpg","width":899,"height":480},{"@type":"WebPage","@id":"https:\/\/dtichile.cl\/?page_id=10119#webpage","url":"https:\/\/dtichile.cl\/?page_id=10119","name":"Nuestros clientes - DTIC Sistemas SPA","isPartOf":{"@id":"https:\/\/dtichile.cl\/#website"},"primaryImageOfPage":{"@id":"https:\/\/dtichile.cl\/?page_id=10119#primaryimage"},"datePublished":"2021-09-20T11:35:05+00:00","dateModified":"2021-11-17T15:34:40+00:00","description":"Atendemos a empresas de miner\u00eda e instituciones de educaci\u00f3n, brindando soluciones tecnol\u00f3gicas personalizadas seg\u00fan sus necesidades.","breadcrumb":{"@id":"https:\/\/dtichile.cl\/?page_id=10119#breadcrumb"},"inLanguage":"es-CL","potentialAction":[{"@type":"ReadAction","target":["https:\/\/dtichile.cl\/?page_id=10119"]}]},{"@type":"BreadcrumbList","@id":"https:\/\/dtichile.cl\/?page_id=10119#breadcrumb","itemListElement":[{"@type":"ListItem","position":1,"name":"Portada","item":"https:\/\/dtichile.cl\/"},{"@type":"ListItem","position":2,"name":"Nuestros clientes"}]}]}},"_links":{"self":[{"href":"https:\/\/dtichile.cl\/index.php?rest_route=\/wp\/v2\/pages\/10119","targetHints":{"allow":["GET"]}}],"collection":[{"href":"https:\/\/dtichile.cl\/index.php?rest_route=\/wp\/v2\/pages"}],"about":[{"href":"https:\/\/dtichile.cl\/index.php?rest_route=\/wp\/v2\/types\/page"}],"author":[{"embeddable":true,"href":"https:\/\/dtichile.cl\/index.php?rest_route=\/wp\/v2\/users\/2"}],"replies":[{"embeddable":true,"href":"https:\/\/dtichile.cl\/index.php?rest_route=%2Fwp%2Fv2%2Fcomments&post=10119"}],"version-history":[{"count":4,"href":"https:\/\/dtichile.cl\/index.php?rest_route=\/wp\/v2\/pages\/10119\/revisions"}],"predecessor-version":[{"id":10616,"href":"https:\/\/dtichile.cl\/index.php?rest_route=\/wp\/v2\/pages\/10119\/revisions\/10616"}],"wp:attachment":[{"href":"https:\/\/dtichile.cl\/index.php?rest_route=%2Fwp%2Fv2%2Fmedia&parent=10119"}],"curies":[{"name":"wp","href":"https:\/\/api.w.org\/{rel}","templated":true}]}}