{"id":10838,"date":"2022-01-17T21:50:48","date_gmt":"2022-01-18T00:50:48","guid":{"rendered":"https:\/\/dtichile.cl\/?page_id=10838"},"modified":"2022-01-17T22:07:41","modified_gmt":"2022-01-18T01:07:41","slug":"puesta-en-marcha-de-sistemas-audiovisuales","status":"publish","type":"page","link":"https:\/\/dtichile.cl\/?page_id=10838","title":{"rendered":"Sistemas Audiovisuales"},"content":{"rendered":"\n<h2 class=\"wp-block-heading\">Puesta en Marcha de Sistemas Audiovisuales<\/h2>\n\n\n\n<figure class=\"wp-block-image size-full is-resized\"><img loading=\"lazy\" decoding=\"async\" src=\"https:\/\/dtichile.cl\/wp-content\/uploads\/2022\/01\/sound-operator-in-audio-recording-studio-2021-08-26-16-26-33-utc.jpg\" alt=\"\" class=\"wp-image-10842\" width=\"841\" height=\"562\" srcset=\"https:\/\/dtichile.cl\/wp-content\/uploads\/2022\/01\/sound-operator-in-audio-recording-studio-2021-08-26-16-26-33-utc.jpg 720w, https:\/\/dtichile.cl\/wp-content\/uploads\/2022\/01\/sound-operator-in-audio-recording-studio-2021-08-26-16-26-33-utc-300x200.jpg 300w, https:\/\/dtichile.cl\/wp-content\/uploads\/2022\/01\/sound-operator-in-audio-recording-studio-2021-08-26-16-26-33-utc-90x60.jpg 90w\" sizes=\"auto, (max-width: 841px) 100vw, 841px\" \/><\/figure>\n\n\n\n<p>DTIC Sistemas Spa tambi\u00e9n\u00a0 implementa soluciones de multimedios y nuevas tecnolog\u00edas que permiten mayo eficiencia, satisfacci\u00f3n y calidad de vida. Tenemos soluciones, en temas de ac\u00fastica, audio y video que cumplen requerimientos muy espec\u00edficos y que demandan alta calidad, estos proyectos y obras est\u00e1n pensados para variadas industrias, tales como: Educaci\u00f3n, Miner\u00eda, Salud, Entretenci\u00f3n y otros. Para nuestra empresa lo m\u00e1s importante es entregar la mejor ayuda y asesor\u00eda a nuestros clientes.<\/p>\n\n\n\n<figure class=\"wp-block-image size-full is-resized\"><img loading=\"lazy\" decoding=\"async\" src=\"https:\/\/dtichile.cl\/wp-content\/uploads\/2022\/01\/video-editor-hands-adjusting-color-or-sound-on-wor-2021-08-30-06-28-59-utc.jpg\" alt=\"\" class=\"wp-image-10843\" width=\"839\" height=\"559\" srcset=\"https:\/\/dtichile.cl\/wp-content\/uploads\/2022\/01\/video-editor-hands-adjusting-color-or-sound-on-wor-2021-08-30-06-28-59-utc.jpg 720w, https:\/\/dtichile.cl\/wp-content\/uploads\/2022\/01\/video-editor-hands-adjusting-color-or-sound-on-wor-2021-08-30-06-28-59-utc-300x200.jpg 300w, https:\/\/dtichile.cl\/wp-content\/uploads\/2022\/01\/video-editor-hands-adjusting-color-or-sound-on-wor-2021-08-30-06-28-59-utc-90x60.jpg 90w\" sizes=\"auto, (max-width: 839px) 100vw, 839px\" \/><\/figure>\n\n\n\n<p>Nuestra empresa proporciona una amplia variedad de productos Audio Visuales, los cuales se encuentran en el \u00e1rea de Educaci\u00f3n y miner\u00eda. Dentro de estos productos podemos encontrar:<\/p>\n\n\n<ul class=\"pluslist\" ><\/p>\n<ul>\n<li>Implementaci\u00f3n de sistemas de video streaming.<\/li>\n<li>Amplificaci\u00f3n de salones.<\/li>\n<li>Sonorizaci\u00f3n de habitaciones.<\/li>\n<li>Instalaci\u00f3n de islas editoras.<\/li>\n<li>Instalaci\u00f3n de sistemas audiovisuales de alta definici\u00f3n.<\/li>\n<li>Implementaci\u00f3n de sistemas multimedios.<\/li>\n<li>Y otros m\u00e1s.<\/li>\n<\/ul>\n<p><\/ul>\n\n\n\n<figure class=\"wp-block-image size-full is-resized\"><img loading=\"lazy\" decoding=\"async\" src=\"https:\/\/dtichile.cl\/wp-content\/uploads\/2022\/01\/video-editor-experiencing-virtual-reality-headset-2021-10-14-19-15-26-utc.jpg\" alt=\"\" class=\"wp-image-10845\" width=\"842\" height=\"561\" srcset=\"https:\/\/dtichile.cl\/wp-content\/uploads\/2022\/01\/video-editor-experiencing-virtual-reality-headset-2021-10-14-19-15-26-utc.jpg 720w, https:\/\/dtichile.cl\/wp-content\/uploads\/2022\/01\/video-editor-experiencing-virtual-reality-headset-2021-10-14-19-15-26-utc-300x200.jpg 300w, https:\/\/dtichile.cl\/wp-content\/uploads\/2022\/01\/video-editor-experiencing-virtual-reality-headset-2021-10-14-19-15-26-utc-90x60.jpg 90w\" sizes=\"auto, (max-width: 842px) 100vw, 842px\" \/><\/figure>\n\n\n\n<p><br><br><br><\/p>\n\n\n\n<p><\/p>\n\n\n\n<p><\/p>\n","protected":false},"excerpt":{"rendered":"<p>Puesta en Marcha de Sistemas Audiovisuales DTIC Sistemas Spa tambi\u00e9n\u00a0 implementa soluciones de multimedios y nuevas tecnolog\u00edas que permiten mayo eficiencia, satisfacci\u00f3n y calidad de vida. Tenemos soluciones, en temas de ac\u00fastica, audio y video que cumplen requerimientos muy espec\u00edficos y que demandan alta calidad, estos proyectos y obras est\u00e1n pensados para variadas industrias, tales &#8230;<\/p>\n","protected":false},"author":2,"featured_media":10293,"parent":0,"menu_order":0,"comment_status":"closed","ping_status":"closed","template":"template-sidebar.php","meta":{"footnotes":""},"class_list":["post-10838","page","type-page","status-publish","has-post-thumbnail","hentry"],"yoast_head":"<!-- This site is optimized with the Yoast SEO plugin v17.6 - https:\/\/yoast.com\/wordpress\/plugins\/seo\/ -->\n<title>Sistemas Audiovisuales - DTIC Sistemas SPA<\/title>\n<meta name=\"description\" content=\"Estamos muy entusiasmados de contarles que estamos implementando una nueva instancia de Viewer II, esta en su ultima versi\u00f3n 2.3\" \/>\n<meta name=\"robots\" content=\"index, follow, max-snippet:-1, max-image-preview:large, max-video-preview:-1\" \/>\n<link rel=\"canonical\" href=\"https:\/\/dtichile.cl\/?page_id=10838\" \/>\n<meta property=\"og:locale\" content=\"es_ES\" \/>\n<meta property=\"og:type\" content=\"article\" \/>\n<meta property=\"og:title\" content=\"Sistemas Audiovisuales - DTIC Sistemas SPA\" \/>\n<meta property=\"og:description\" content=\"Estamos muy entusiasmados de contarles que estamos implementando una nueva instancia de Viewer II, esta en su ultima versi\u00f3n 2.3\" \/>\n<meta property=\"og:url\" content=\"https:\/\/dtichile.cl\/?page_id=10838\" \/>\n<meta property=\"og:site_name\" content=\"DTIC Sistemas SPA\" \/>\n<meta property=\"article:modified_time\" content=\"2022-01-18T01:07:41+00:00\" \/>\n<meta property=\"og:image\" content=\"https:\/\/dtichile.cl\/wp-content\/uploads\/2021\/09\/logobuho-1.png\" \/>\n\t<meta property=\"og:image:width\" content=\"601\" \/>\n\t<meta property=\"og:image:height\" content=\"601\" \/>\n<meta name=\"twitter:card\" content=\"summary_large_image\" \/>\n<meta name=\"twitter:label1\" content=\"Est. reading time\" \/>\n\t<meta name=\"twitter:data1\" content=\"2 minutos\" \/>\n<script type=\"application\/ld+json\" class=\"yoast-schema-graph\">{\"@context\":\"https:\/\/schema.org\",\"@graph\":[{\"@type\":\"WebSite\",\"@id\":\"https:\/\/dtichile.cl\/#website\",\"url\":\"https:\/\/dtichile.cl\/\",\"name\":\"DTIC Sistemas SPA\",\"description\":\"DTIC Sistemas SPA\",\"potentialAction\":[{\"@type\":\"SearchAction\",\"target\":{\"@type\":\"EntryPoint\",\"urlTemplate\":\"https:\/\/dtichile.cl\/?s={search_term_string}\"},\"query-input\":\"required name=search_term_string\"}],\"inLanguage\":\"es-CL\"},{\"@type\":\"ImageObject\",\"@id\":\"https:\/\/dtichile.cl\/?page_id=10838#primaryimage\",\"inLanguage\":\"es-CL\",\"url\":\"https:\/\/dtichile.cl\/wp-content\/uploads\/2021\/09\/logobuho-1.png\",\"contentUrl\":\"https:\/\/dtichile.cl\/wp-content\/uploads\/2021\/09\/logobuho-1.png\",\"width\":601,\"height\":601},{\"@type\":\"WebPage\",\"@id\":\"https:\/\/dtichile.cl\/?page_id=10838#webpage\",\"url\":\"https:\/\/dtichile.cl\/?page_id=10838\",\"name\":\"Sistemas Audiovisuales - DTIC Sistemas SPA\",\"isPartOf\":{\"@id\":\"https:\/\/dtichile.cl\/#website\"},\"primaryImageOfPage\":{\"@id\":\"https:\/\/dtichile.cl\/?page_id=10838#primaryimage\"},\"datePublished\":\"2022-01-18T00:50:48+00:00\",\"dateModified\":\"2022-01-18T01:07:41+00:00\",\"description\":\"Estamos muy entusiasmados de contarles que estamos implementando una nueva instancia de Viewer II, esta en su ultima versi\\u00f3n 2.3\",\"breadcrumb\":{\"@id\":\"https:\/\/dtichile.cl\/?page_id=10838#breadcrumb\"},\"inLanguage\":\"es-CL\",\"potentialAction\":[{\"@type\":\"ReadAction\",\"target\":[\"https:\/\/dtichile.cl\/?page_id=10838\"]}]},{\"@type\":\"BreadcrumbList\",\"@id\":\"https:\/\/dtichile.cl\/?page_id=10838#breadcrumb\",\"itemListElement\":[{\"@type\":\"ListItem\",\"position\":1,\"name\":\"Portada\",\"item\":\"https:\/\/dtichile.cl\/\"},{\"@type\":\"ListItem\",\"position\":2,\"name\":\"Sistemas Audiovisuales\"}]}]}<\/script>\n<!-- \/ Yoast SEO plugin. -->","yoast_head_json":{"title":"Sistemas Audiovisuales - DTIC Sistemas SPA","description":"Estamos muy entusiasmados de contarles que estamos implementando una nueva instancia de Viewer II, esta en su ultima versi\u00f3n 2.3","robots":{"index":"index","follow":"follow","max-snippet":"max-snippet:-1","max-image-preview":"max-image-preview:large","max-video-preview":"max-video-preview:-1"},"canonical":"https:\/\/dtichile.cl\/?page_id=10838","og_locale":"es_ES","og_type":"article","og_title":"Sistemas Audiovisuales - DTIC Sistemas SPA","og_description":"Estamos muy entusiasmados de contarles que estamos implementando una nueva instancia de Viewer II, esta en su ultima versi\u00f3n 2.3","og_url":"https:\/\/dtichile.cl\/?page_id=10838","og_site_name":"DTIC Sistemas SPA","article_modified_time":"2022-01-18T01:07:41+00:00","og_image":[{"width":601,"height":601,"url":"https:\/\/dtichile.cl\/wp-content\/uploads\/2021\/09\/logobuho-1.png","type":"image\/png"}],"twitter_card":"summary_large_image","twitter_misc":{"Est. reading time":"2 minutos"},"schema":{"@context":"https:\/\/schema.org","@graph":[{"@type":"WebSite","@id":"https:\/\/dtichile.cl\/#website","url":"https:\/\/dtichile.cl\/","name":"DTIC Sistemas SPA","description":"DTIC Sistemas SPA","potentialAction":[{"@type":"SearchAction","target":{"@type":"EntryPoint","urlTemplate":"https:\/\/dtichile.cl\/?s={search_term_string}"},"query-input":"required name=search_term_string"}],"inLanguage":"es-CL"},{"@type":"ImageObject","@id":"https:\/\/dtichile.cl\/?page_id=10838#primaryimage","inLanguage":"es-CL","url":"https:\/\/dtichile.cl\/wp-content\/uploads\/2021\/09\/logobuho-1.png","contentUrl":"https:\/\/dtichile.cl\/wp-content\/uploads\/2021\/09\/logobuho-1.png","width":601,"height":601},{"@type":"WebPage","@id":"https:\/\/dtichile.cl\/?page_id=10838#webpage","url":"https:\/\/dtichile.cl\/?page_id=10838","name":"Sistemas Audiovisuales - DTIC Sistemas SPA","isPartOf":{"@id":"https:\/\/dtichile.cl\/#website"},"primaryImageOfPage":{"@id":"https:\/\/dtichile.cl\/?page_id=10838#primaryimage"},"datePublished":"2022-01-18T00:50:48+00:00","dateModified":"2022-01-18T01:07:41+00:00","description":"Estamos muy entusiasmados de contarles que estamos implementando una nueva instancia de Viewer II, esta en su ultima versi\u00f3n 2.3","breadcrumb":{"@id":"https:\/\/dtichile.cl\/?page_id=10838#breadcrumb"},"inLanguage":"es-CL","potentialAction":[{"@type":"ReadAction","target":["https:\/\/dtichile.cl\/?page_id=10838"]}]},{"@type":"BreadcrumbList","@id":"https:\/\/dtichile.cl\/?page_id=10838#breadcrumb","itemListElement":[{"@type":"ListItem","position":1,"name":"Portada","item":"https:\/\/dtichile.cl\/"},{"@type":"ListItem","position":2,"name":"Sistemas Audiovisuales"}]}]}},"_links":{"self":[{"href":"https:\/\/dtichile.cl\/index.php?rest_route=\/wp\/v2\/pages\/10838","targetHints":{"allow":["GET"]}}],"collection":[{"href":"https:\/\/dtichile.cl\/index.php?rest_route=\/wp\/v2\/pages"}],"about":[{"href":"https:\/\/dtichile.cl\/index.php?rest_route=\/wp\/v2\/types\/page"}],"author":[{"embeddable":true,"href":"https:\/\/dtichile.cl\/index.php?rest_route=\/wp\/v2\/users\/2"}],"replies":[{"embeddable":true,"href":"https:\/\/dtichile.cl\/index.php?rest_route=%2Fwp%2Fv2%2Fcomments&post=10838"}],"version-history":[{"count":5,"href":"https:\/\/dtichile.cl\/index.php?rest_route=\/wp\/v2\/pages\/10838\/revisions"}],"predecessor-version":[{"id":10853,"href":"https:\/\/dtichile.cl\/index.php?rest_route=\/wp\/v2\/pages\/10838\/revisions\/10853"}],"wp:featuredmedia":[{"embeddable":true,"href":"https:\/\/dtichile.cl\/index.php?rest_route=\/wp\/v2\/media\/10293"}],"wp:attachment":[{"href":"https:\/\/dtichile.cl\/index.php?rest_route=%2Fwp%2Fv2%2Fmedia&parent=10838"}],"curies":[{"name":"wp","href":"https:\/\/api.w.org\/{rel}","templated":true}]}}