{"id":7690,"date":"2013-12-21T16:50:17","date_gmt":"2013-12-21T16:50:17","guid":{"rendered":"http:\/\/mundus.premiumcoding.com\/?page_id=7690"},"modified":"2023-07-18T15:21:18","modified_gmt":"2023-07-18T18:21:18","slug":"page-with-sidebar","status":"publish","type":"page","link":"https:\/\/dtichile.cl\/?page_id=7690","title":{"rendered":"Nuestra empresa"},"content":{"rendered":"\n<p>DTIC es un equipo de trabajo multidisciplinario, con especialistas en programaci\u00f3n, dise\u00f1o de software y de hardware, formada en el a\u00f1o 2011 en la ciudad de Vi\u00f1a del Mar, Chile.<\/p>\n\n\n\n<hr class=\"wp-block-separator has-css-opacity\"\/>\n\n\n\n<h4 class=\"wp-block-heading\">Nuestro desaf\u00edo<\/h4>\n\n\n\n<p><\/p>\n\n\n\n<p>En DTIC nos apoyamos en las nuevas tecnolog\u00edas asociadas a las TICS e integramos sistemas para obtener un producto m\u00e1s integral, m\u00e1s eficiente y a la medida de cada uno de nuestros clientes.<\/p>\n\n\n\n<p>Generamos soluciones tecnol\u00f3gicas para la protecci\u00f3n de las personas, de los documentos y de los bienes de nuestros clientes.<\/p>\n\n\n\n<figure class=\"wp-block-gallery has-nested-images columns-default is-cropped wp-block-gallery-1 is-layout-flex wp-block-gallery-is-layout-flex\">\n<figure class=\"wp-block-image size-large\"><img loading=\"lazy\" decoding=\"async\" width=\"626\" height=\"417\" data-id=\"10607\" src=\"https:\/\/dtichile.cl\/wp-content\/uploads\/2021\/10\/coding-man_1098-18084.jpg\" alt=\"\" class=\"wp-image-10607\" srcset=\"https:\/\/dtichile.cl\/wp-content\/uploads\/2021\/10\/coding-man_1098-18084.jpg 626w, https:\/\/dtichile.cl\/wp-content\/uploads\/2021\/10\/coding-man_1098-18084-300x200.jpg 300w, https:\/\/dtichile.cl\/wp-content\/uploads\/2021\/10\/coding-man_1098-18084-90x60.jpg 90w\" sizes=\"auto, (max-width: 626px) 100vw, 626px\" \/><\/figure>\n\n\n\n<figure class=\"wp-block-image size-large\"><img loading=\"lazy\" decoding=\"async\" width=\"599\" height=\"400\" data-id=\"10609\" src=\"https:\/\/dtichile.cl\/wp-content\/uploads\/2021\/10\/programadores.jpg\" alt=\"\" class=\"wp-image-10609\" srcset=\"https:\/\/dtichile.cl\/wp-content\/uploads\/2021\/10\/programadores.jpg 599w, https:\/\/dtichile.cl\/wp-content\/uploads\/2021\/10\/programadores-300x200.jpg 300w, https:\/\/dtichile.cl\/wp-content\/uploads\/2021\/10\/programadores-90x60.jpg 90w\" sizes=\"auto, (max-width: 599px) 100vw, 599px\" \/><\/figure>\n<\/figure>\n\n\n\n<hr class=\"wp-block-separator has-css-opacity\"\/>\n\n\n\n<div class=\"wp-block-buttons is-layout-flex wp-block-buttons-is-layout-flex\">\n<div class=\"wp-block-button\"><a class=\"wp-block-button__link wp-element-button\" href=\"https:\/\/dtichile.cl\/wp-content\/uploads\/2013\/12\/catalogo_DTIC.pdf\" target=\"_blank\" rel=\"noreferrer noopener\">Descarga nuestro cat\u00e1logo aqu\u00ed<\/a><\/div>\n<\/div>\n","protected":false},"excerpt":{"rendered":"<p>DTIC es un equipo de trabajo multidisciplinario, con especialistas en programaci\u00f3n, dise\u00f1o de software y de hardware, formada en el a\u00f1o 2011 en la ciudad de Vi\u00f1a del Mar, Chile. Nuestro desaf\u00edo En DTIC nos apoyamos en las nuevas tecnolog\u00edas asociadas a las TICS e integramos sistemas para obtener un producto m\u00e1s integral, m\u00e1s eficiente &#8230;<\/p>\n","protected":false},"author":1,"featured_media":0,"parent":0,"menu_order":0,"comment_status":"open","ping_status":"open","template":"template-sidebar.php","meta":{"footnotes":""},"class_list":["post-7690","page","type-page","status-publish","hentry"],"yoast_head":"<!-- This site is optimized with the Yoast SEO plugin v17.6 - https:\/\/yoast.com\/wordpress\/plugins\/seo\/ -->\n<title>Nuestra empresa - DTIC Sistemas SPA<\/title>\n<meta name=\"robots\" content=\"index, follow, max-snippet:-1, max-image-preview:large, max-video-preview:-1\" \/>\n<link rel=\"canonical\" href=\"https:\/\/dtichile.cl\/?page_id=7690\" \/>\n<meta property=\"og:locale\" content=\"es_ES\" \/>\n<meta property=\"og:type\" content=\"article\" \/>\n<meta property=\"og:title\" content=\"Nuestra empresa - DTIC Sistemas SPA\" \/>\n<meta property=\"og:description\" content=\"DTIC es un equipo de trabajo multidisciplinario, con especialistas en programaci\u00f3n, dise\u00f1o de software y de hardware, formada en el a\u00f1o 2011 en la ciudad de Vi\u00f1a del Mar, Chile. Nuestro desaf\u00edo En DTIC nos apoyamos en las nuevas tecnolog\u00edas asociadas a las TICS e integramos sistemas para obtener un producto m\u00e1s integral, m\u00e1s eficiente ...\" \/>\n<meta property=\"og:url\" content=\"https:\/\/dtichile.cl\/?page_id=7690\" \/>\n<meta property=\"og:site_name\" content=\"DTIC Sistemas SPA\" \/>\n<meta property=\"article:modified_time\" content=\"2023-07-18T18:21:18+00:00\" \/>\n<meta property=\"og:image\" content=\"https:\/\/dtichile.cl\/wp-content\/uploads\/2021\/10\/coding-man_1098-18084.jpg\" \/>\n<meta name=\"twitter:card\" content=\"summary_large_image\" \/>\n<script type=\"application\/ld+json\" class=\"yoast-schema-graph\">{\"@context\":\"https:\/\/schema.org\",\"@graph\":[{\"@type\":\"WebSite\",\"@id\":\"https:\/\/dtichile.cl\/#website\",\"url\":\"https:\/\/dtichile.cl\/\",\"name\":\"DTIC Sistemas SPA\",\"description\":\"DTIC Sistemas SPA\",\"potentialAction\":[{\"@type\":\"SearchAction\",\"target\":{\"@type\":\"EntryPoint\",\"urlTemplate\":\"https:\/\/dtichile.cl\/?s={search_term_string}\"},\"query-input\":\"required name=search_term_string\"}],\"inLanguage\":\"es-CL\"},{\"@type\":\"ImageObject\",\"@id\":\"https:\/\/dtichile.cl\/?page_id=7690#primaryimage\",\"inLanguage\":\"es-CL\",\"url\":\"https:\/\/dtichile.cl\/wp-content\/uploads\/2021\/10\/coding-man_1098-18084.jpg\",\"contentUrl\":\"https:\/\/dtichile.cl\/wp-content\/uploads\/2021\/10\/coding-man_1098-18084.jpg\",\"width\":626,\"height\":417},{\"@type\":\"WebPage\",\"@id\":\"https:\/\/dtichile.cl\/?page_id=7690#webpage\",\"url\":\"https:\/\/dtichile.cl\/?page_id=7690\",\"name\":\"Nuestra empresa - DTIC Sistemas SPA\",\"isPartOf\":{\"@id\":\"https:\/\/dtichile.cl\/#website\"},\"primaryImageOfPage\":{\"@id\":\"https:\/\/dtichile.cl\/?page_id=7690#primaryimage\"},\"datePublished\":\"2013-12-21T16:50:17+00:00\",\"dateModified\":\"2023-07-18T18:21:18+00:00\",\"breadcrumb\":{\"@id\":\"https:\/\/dtichile.cl\/?page_id=7690#breadcrumb\"},\"inLanguage\":\"es-CL\",\"potentialAction\":[{\"@type\":\"ReadAction\",\"target\":[\"https:\/\/dtichile.cl\/?page_id=7690\"]}]},{\"@type\":\"BreadcrumbList\",\"@id\":\"https:\/\/dtichile.cl\/?page_id=7690#breadcrumb\",\"itemListElement\":[{\"@type\":\"ListItem\",\"position\":1,\"name\":\"Portada\",\"item\":\"https:\/\/dtichile.cl\/\"},{\"@type\":\"ListItem\",\"position\":2,\"name\":\"Nuestra empresa\"}]}]}<\/script>\n<!-- \/ Yoast SEO plugin. -->","yoast_head_json":{"title":"Nuestra empresa - DTIC Sistemas SPA","robots":{"index":"index","follow":"follow","max-snippet":"max-snippet:-1","max-image-preview":"max-image-preview:large","max-video-preview":"max-video-preview:-1"},"canonical":"https:\/\/dtichile.cl\/?page_id=7690","og_locale":"es_ES","og_type":"article","og_title":"Nuestra empresa - DTIC Sistemas SPA","og_description":"DTIC es un equipo de trabajo multidisciplinario, con especialistas en programaci\u00f3n, dise\u00f1o de software y de hardware, formada en el a\u00f1o 2011 en la ciudad de Vi\u00f1a del Mar, Chile. Nuestro desaf\u00edo En DTIC nos apoyamos en las nuevas tecnolog\u00edas asociadas a las TICS e integramos sistemas para obtener un producto m\u00e1s integral, m\u00e1s eficiente ...","og_url":"https:\/\/dtichile.cl\/?page_id=7690","og_site_name":"DTIC Sistemas SPA","article_modified_time":"2023-07-18T18:21:18+00:00","og_image":[{"url":"https:\/\/dtichile.cl\/wp-content\/uploads\/2021\/10\/coding-man_1098-18084.jpg"}],"twitter_card":"summary_large_image","schema":{"@context":"https:\/\/schema.org","@graph":[{"@type":"WebSite","@id":"https:\/\/dtichile.cl\/#website","url":"https:\/\/dtichile.cl\/","name":"DTIC Sistemas SPA","description":"DTIC Sistemas SPA","potentialAction":[{"@type":"SearchAction","target":{"@type":"EntryPoint","urlTemplate":"https:\/\/dtichile.cl\/?s={search_term_string}"},"query-input":"required name=search_term_string"}],"inLanguage":"es-CL"},{"@type":"ImageObject","@id":"https:\/\/dtichile.cl\/?page_id=7690#primaryimage","inLanguage":"es-CL","url":"https:\/\/dtichile.cl\/wp-content\/uploads\/2021\/10\/coding-man_1098-18084.jpg","contentUrl":"https:\/\/dtichile.cl\/wp-content\/uploads\/2021\/10\/coding-man_1098-18084.jpg","width":626,"height":417},{"@type":"WebPage","@id":"https:\/\/dtichile.cl\/?page_id=7690#webpage","url":"https:\/\/dtichile.cl\/?page_id=7690","name":"Nuestra empresa - DTIC Sistemas SPA","isPartOf":{"@id":"https:\/\/dtichile.cl\/#website"},"primaryImageOfPage":{"@id":"https:\/\/dtichile.cl\/?page_id=7690#primaryimage"},"datePublished":"2013-12-21T16:50:17+00:00","dateModified":"2023-07-18T18:21:18+00:00","breadcrumb":{"@id":"https:\/\/dtichile.cl\/?page_id=7690#breadcrumb"},"inLanguage":"es-CL","potentialAction":[{"@type":"ReadAction","target":["https:\/\/dtichile.cl\/?page_id=7690"]}]},{"@type":"BreadcrumbList","@id":"https:\/\/dtichile.cl\/?page_id=7690#breadcrumb","itemListElement":[{"@type":"ListItem","position":1,"name":"Portada","item":"https:\/\/dtichile.cl\/"},{"@type":"ListItem","position":2,"name":"Nuestra empresa"}]}]}},"_links":{"self":[{"href":"https:\/\/dtichile.cl\/index.php?rest_route=\/wp\/v2\/pages\/7690","targetHints":{"allow":["GET"]}}],"collection":[{"href":"https:\/\/dtichile.cl\/index.php?rest_route=\/wp\/v2\/pages"}],"about":[{"href":"https:\/\/dtichile.cl\/index.php?rest_route=\/wp\/v2\/types\/page"}],"author":[{"embeddable":true,"href":"https:\/\/dtichile.cl\/index.php?rest_route=\/wp\/v2\/users\/1"}],"replies":[{"embeddable":true,"href":"https:\/\/dtichile.cl\/index.php?rest_route=%2Fwp%2Fv2%2Fcomments&post=7690"}],"version-history":[{"count":41,"href":"https:\/\/dtichile.cl\/index.php?rest_route=\/wp\/v2\/pages\/7690\/revisions"}],"predecessor-version":[{"id":10942,"href":"https:\/\/dtichile.cl\/index.php?rest_route=\/wp\/v2\/pages\/7690\/revisions\/10942"}],"wp:attachment":[{"href":"https:\/\/dtichile.cl\/index.php?rest_route=%2Fwp%2Fv2%2Fmedia&parent=7690"}],"curies":[{"name":"wp","href":"https:\/\/api.w.org\/{rel}","templated":true}]}}